{"id":1250,"date":"2023-10-22T14:43:39","date_gmt":"2023-10-22T14:43:39","guid":{"rendered":"http:\/\/localhost\/indostio\/?page_id=1250"},"modified":"2024-12-20T13:24:25","modified_gmt":"2024-12-20T13:24:25","slug":"o-nas","status":"publish","type":"page","link":"https:\/\/www.mini-koparki.eu.com\/index.php\/o-nas\/","title":{"rendered":"O nas"},"content":{"rendered":"\t\t<div data-elementor-type=\"wp-page\" data-elementor-id=\"1250\" class=\"elementor elementor-1250\">\n\t\t\t\t<div class=\"elementor-element elementor-element-60dab19 e-flex e-con-boxed e-con e-parent\" data-id=\"60dab19\" data-element_type=\"container\" data-e-type=\"container\">\n\t\t\t\t\t<div class=\"e-con-inner\">\n\t\t<div class=\"elementor-element elementor-element-1323a7b e-con-full e-flex e-con e-child\" data-id=\"1323a7b\" data-element_type=\"container\" data-e-type=\"container\">\n\t\t\t\t<div class=\"elementor-element elementor-element-528d26d elementor-widget elementor-widget-image\" data-id=\"528d26d\" data-element_type=\"widget\" data-e-type=\"widget\" data-widget_type=\"image.default\">\n\t\t\t\t<div class=\"elementor-widget-container\">\n\t\t\t\t\t\t\t\t\t\t\t\t\t\t\t<img fetchpriority=\"high\" decoding=\"async\" width=\"640\" height=\"640\" src=\"https:\/\/www.mini-koparki.eu.com\/wp-content\/uploads\/2024\/09\/2_Easy-Resize.com_-768x768.jpg\" class=\"attachment-medium_large size-medium_large wp-image-3313\" alt=\"\" srcset=\"https:\/\/www.mini-koparki.eu.com\/wp-content\/uploads\/2024\/09\/2_Easy-Resize.com_-768x768.jpg 768w, https:\/\/www.mini-koparki.eu.com\/wp-content\/uploads\/2024\/09\/2_Easy-Resize.com_-300x300.jpg 300w, https:\/\/www.mini-koparki.eu.com\/wp-content\/uploads\/2024\/09\/2_Easy-Resize.com_-1024x1024.jpg 1024w, https:\/\/www.mini-koparki.eu.com\/wp-content\/uploads\/2024\/09\/2_Easy-Resize.com_-150x150.jpg 150w, https:\/\/www.mini-koparki.eu.com\/wp-content\/uploads\/2024\/09\/2_Easy-Resize.com_-600x600.jpg 600w, https:\/\/www.mini-koparki.eu.com\/wp-content\/uploads\/2024\/09\/2_Easy-Resize.com_-100x100.jpg 100w, https:\/\/www.mini-koparki.eu.com\/wp-content\/uploads\/2024\/09\/2_Easy-Resize.com_.jpg 1280w\" sizes=\"(max-width: 640px) 100vw, 640px\" \/>\t\t\t\t\t\t\t\t\t\t\t\t\t\t\t<\/div>\n\t\t\t\t<\/div>\n\t\t\t\t<\/div>\n\t\t<div class=\"elementor-element elementor-element-57744c4 e-con-full e-flex e-con e-child\" data-id=\"57744c4\" data-element_type=\"container\" data-e-type=\"container\">\n\t\t\t\t<div class=\"elementor-element elementor-element-52a826b elementor-widget elementor-widget-text-editor\" data-id=\"52a826b\" data-element_type=\"widget\" data-e-type=\"widget\" data-widget_type=\"text-editor.default\">\n\t\t\t\t<div class=\"elementor-widget-container\">\n\t\t\t\t\t\t\t\t\t<p>Jeste\u015bmy wy\u0142\u0105cznym importerem mini koparek, jednego z najwi\u0119kszych azjatyckich producent\u00f3w maszyn budowlanych i rolniczych Titan Heavy Industries.\u00a0<\/p><p>Nasze maszyny cechuje wysoka jako\u015b\u0107 wykonania oraz solidne i markowe podzespo\u0142y. Gwarantujemy ich niezawodn\u0105 prac\u0119 oraz wsparcie gwarancyjne i serwisowe.<\/p><p>Zapraszamy do wsp\u00f3\u0142pracy.<\/p>\t\t\t\t\t\t\t\t<\/div>\n\t\t\t\t<\/div>\n\t\t\t\t<\/div>\n\t\t\t\t\t<\/div>\n\t\t\t\t<\/div>\n\t\t\t\t<\/div>\n\t\t","protected":false},"excerpt":{"rendered":"<p>Jeste\u015bmy wy\u0142\u0105cznym importerem mini koparek, jednego z najwi\u0119kszych azjatyckich producent\u00f3w maszyn budowlanych i rolniczych Titan Heavy Industries.\u00a0 Nasze maszyny cechuje wysoka jako\u015b\u0107 wykonania oraz solidne i markowe podzespo\u0142y. Gwarantujemy ich niezawodn\u0105 prac\u0119 oraz wsparcie gwarancyjne i serwisowe. Zapraszamy do wsp\u00f3\u0142pracy.<\/p>\n","protected":false},"author":1,"featured_media":0,"parent":0,"menu_order":0,"comment_status":"closed","ping_status":"closed","template":"","meta":{"footnotes":""},"class_list":["post-1250","page","type-page","status-publish","hentry"],"_links":{"self":[{"href":"https:\/\/www.mini-koparki.eu.com\/index.php\/wp-json\/wp\/v2\/pages\/1250","targetHints":{"allow":["GET"]}}],"collection":[{"href":"https:\/\/www.mini-koparki.eu.com\/index.php\/wp-json\/wp\/v2\/pages"}],"about":[{"href":"https:\/\/www.mini-koparki.eu.com\/index.php\/wp-json\/wp\/v2\/types\/page"}],"author":[{"embeddable":true,"href":"https:\/\/www.mini-koparki.eu.com\/index.php\/wp-json\/wp\/v2\/users\/1"}],"replies":[{"embeddable":true,"href":"https:\/\/www.mini-koparki.eu.com\/index.php\/wp-json\/wp\/v2\/comments?post=1250"}],"version-history":[{"count":14,"href":"https:\/\/www.mini-koparki.eu.com\/index.php\/wp-json\/wp\/v2\/pages\/1250\/revisions"}],"predecessor-version":[{"id":3436,"href":"https:\/\/www.mini-koparki.eu.com\/index.php\/wp-json\/wp\/v2\/pages\/1250\/revisions\/3436"}],"wp:attachment":[{"href":"https:\/\/www.mini-koparki.eu.com\/index.php\/wp-json\/wp\/v2\/media?parent=1250"}],"curies":[{"name":"wp","href":"https:\/\/api.w.org\/{rel}","templated":true}]}}