{"id":2889,"date":"2023-11-04T04:18:25","date_gmt":"2023-11-04T04:18:25","guid":{"rendered":"http:\/\/localhost\/indostio\/?post_type=product&#038;p=2888"},"modified":"2024-11-22T10:43:04","modified_gmt":"2024-11-22T10:43:04","slug":"robot-cinema-robot-for-bending-application-linear","status":"publish","type":"product","link":"https:\/\/www.mini-koparki.eu.com\/index.php\/produkt\/robot-cinema-robot-for-bending-application-linear\/","title":{"rendered":"TL 10E"},"content":{"rendered":"<p><b>Specyfikacja techniczna:<\/b><\/p>\n<p>\u2013 ci\u0119\u017car roboczy 1000 kg<\/p>\n<p>\u2013 skr\u0119tne rami\u0119<\/p>\n<p>\u2013 \u0142y\u017cka z z\u0119bami 300 mm<\/p>\n<p>\u2013 silnik Koop diesel \/ Euro 5 \/ 12KM<\/p>\n<p>\u2013 wytrzyma\u0142em, gumowe g\u0105sienice<\/p>\n<p>\u2013 szybko z\u0142\u0105cze u\u0142atwiaj\u0105ce monta\u017c osprz\u0119tu<\/p>\n<p>\u2013 pr\u0119dko\u015b\u0107 1,5 km\/h<\/p>\n<p><b>Wyposa\u017cenie opcjonalne:<\/b><\/p>\n<p><b>\u2013 kabina z ogrzewaniem<br \/>\n<\/b><\/p>\n<p><b>\u2013 \u0142y\u017cka z z\u0119bami 500mm\/600mm\/800mm<\/b><\/p>\n<p><b>\u2013 \u0142y\u017cka skarpowa 800mm<\/b><\/p>\n<p><b>\u2013 chwytak do drewna, \u015bmieci itp<\/b><\/p>\n<p><b>\u2013 hak do korzeni<\/b><\/p>\n<p><b>\u2013 z\u0105b zrywaj\u0105cy<\/b><\/p>\n<p><b>\u2013 grabie<\/b><\/p>\n<p><b>\u2013 wiertnica do ziemi<br \/>\n<\/b><\/p>\n<p><b>\u2013 szybko z\u0142\u0105cze mechaniczne<\/b><\/p>\n<p><b>\u2013 szybko z\u0142\u0105cze hydrauliczne<\/b><\/p>\n","protected":false},"excerpt":{"rendered":"<p>Koparka Titan TL 10E<\/p>\n<p>Solidna koparka przeznaczona do prac budowlanych i terenowych. Posiada kompaktowe wymiary, wersj\u0119 z pe\u0142n\u0105, ogrzewan\u0105 kabin\u0105 oraz szerok\u0105 gam\u0119 osprz\u0119tu zamiennego.<\/p>\n","protected":false},"featured_media":3356,"template":"","meta":[],"product_brand":[],"product_cat":[55],"product_tag":[],"class_list":{"0":"post-2889","1":"product","2":"type-product","3":"status-publish","4":"has-post-thumbnail","6":"product_cat-mini-koparka","8":"first","9":"instock","10":"shipping-taxable","11":"product-type-simple"},"_links":{"self":[{"href":"https:\/\/www.mini-koparki.eu.com\/index.php\/wp-json\/wp\/v2\/product\/2889","targetHints":{"allow":["GET"]}}],"collection":[{"href":"https:\/\/www.mini-koparki.eu.com\/index.php\/wp-json\/wp\/v2\/product"}],"about":[{"href":"https:\/\/www.mini-koparki.eu.com\/index.php\/wp-json\/wp\/v2\/types\/product"}],"wp:featuredmedia":[{"embeddable":true,"href":"https:\/\/www.mini-koparki.eu.com\/index.php\/wp-json\/wp\/v2\/media\/3356"}],"wp:attachment":[{"href":"https:\/\/www.mini-koparki.eu.com\/index.php\/wp-json\/wp\/v2\/media?parent=2889"}],"wp:term":[{"taxonomy":"product_brand","embeddable":true,"href":"https:\/\/www.mini-koparki.eu.com\/index.php\/wp-json\/wp\/v2\/product_brand?post=2889"},{"taxonomy":"product_cat","embeddable":true,"href":"https:\/\/www.mini-koparki.eu.com\/index.php\/wp-json\/wp\/v2\/product_cat?post=2889"},{"taxonomy":"product_tag","embeddable":true,"href":"https:\/\/www.mini-koparki.eu.com\/index.php\/wp-json\/wp\/v2\/product_tag?post=2889"}],"curies":[{"name":"wp","href":"https:\/\/api.w.org\/{rel}","templated":true}]}}