{"id":2892,"date":"2023-11-04T04:23:45","date_gmt":"2023-11-04T04:23:45","guid":{"rendered":"http:\/\/localhost\/indostio\/?post_type=product&#038;p=2890"},"modified":"2024-11-29T07:20:37","modified_gmt":"2024-11-29T07:20:37","slug":"excavator-earth-moving-machine-digger","status":"publish","type":"product","link":"https:\/\/www.mini-koparki.eu.com\/index.php\/produkt\/excavator-earth-moving-machine-digger\/","title":{"rendered":"TL15E"},"content":{"rendered":"<p><b>Specyfikacja techniczna:<\/b><\/p>\n<p>\u2013 ci\u0119\u017car roboczy 1500 kg<\/p>\n<p>\u2013 skr\u0119tne rami\u0119<\/p>\n<p>\u2013 \u0142y\u017cka z z\u0119bami 300 mm<\/p>\n<p>\u2013 silnik Koop diesel \/ Euro 5 \/ 12KM<\/p>\n<p>\u2013 wytrzyma\u0142em, gumowe g\u0105sienice<\/p>\n<p>\u2013 szybko z\u0142\u0105cze u\u0142atwiaj\u0105ce monta\u017c osprz\u0119tu<\/p>\n<p>\u2013 g\u0142\u0119boko\u015b\u0107 wykopu 1900 mm<\/p>\n<p>\u2013 pr\u0119dko\u015b\u0107 2 km\/h<\/p>\n<p><b>Wyposa\u017cenie opcjonalne:<\/b><\/p>\n<p><b>\u2013 \u0142y\u017cka z z\u0119bami 500mm\/600mm\/800mm<\/b><\/p>\n<p><b>\u2013 \u0142y\u017cka skarpowa 800mm<\/b><\/p>\n<p><b>\u2013 chwytak do drewna, \u015bmieci itp<\/b><\/p>\n<p><b>\u2013 hak do korzeni<\/b><\/p>\n<p><b>\u2013 z\u0105b zrywaj\u0105cy<\/b><\/p>\n<p><b>\u2013 grabie<\/b><\/p>\n<p><b>\u2013 wiertnica do ziemi<br \/>\n<\/b><\/p>\n<p><b>\u2013 szybko z\u0142\u0105cze mechaniczne\/hydrauliczne<\/b><\/p>\n","protected":false},"excerpt":{"rendered":"<p>Titan TL 15E wytrzyma\u0142a i solidna koparka przeznaczona do prac budowlanych, ziemnych i ogrodowych.<\/p>\n","protected":false},"featured_media":3286,"template":"","meta":[],"product_brand":[],"product_cat":[17],"product_tag":[],"class_list":{"0":"post-2892","1":"product","2":"type-product","3":"status-publish","4":"has-post-thumbnail","6":"product_cat-bez-kategorii","8":"first","9":"instock","10":"shipping-taxable","11":"product-type-simple"},"_links":{"self":[{"href":"https:\/\/www.mini-koparki.eu.com\/index.php\/wp-json\/wp\/v2\/product\/2892","targetHints":{"allow":["GET"]}}],"collection":[{"href":"https:\/\/www.mini-koparki.eu.com\/index.php\/wp-json\/wp\/v2\/product"}],"about":[{"href":"https:\/\/www.mini-koparki.eu.com\/index.php\/wp-json\/wp\/v2\/types\/product"}],"wp:featuredmedia":[{"embeddable":true,"href":"https:\/\/www.mini-koparki.eu.com\/index.php\/wp-json\/wp\/v2\/media\/3286"}],"wp:attachment":[{"href":"https:\/\/www.mini-koparki.eu.com\/index.php\/wp-json\/wp\/v2\/media?parent=2892"}],"wp:term":[{"taxonomy":"product_brand","embeddable":true,"href":"https:\/\/www.mini-koparki.eu.com\/index.php\/wp-json\/wp\/v2\/product_brand?post=2892"},{"taxonomy":"product_cat","embeddable":true,"href":"https:\/\/www.mini-koparki.eu.com\/index.php\/wp-json\/wp\/v2\/product_cat?post=2892"},{"taxonomy":"product_tag","embeddable":true,"href":"https:\/\/www.mini-koparki.eu.com\/index.php\/wp-json\/wp\/v2\/product_tag?post=2892"}],"curies":[{"name":"wp","href":"https:\/\/api.w.org\/{rel}","templated":true}]}}